{"id":17,"date":"2025-02-26T09:38:50","date_gmt":"2025-02-26T08:38:50","guid":{"rendered":"http:\/\/www.nachbarschaftsauto.info\/demodorf\/?page_id=17"},"modified":"2025-02-26T09:41:20","modified_gmt":"2025-02-26T08:41:20","slug":"jetzt-reservieren","status":"publish","type":"page","link":"http:\/\/www.nachbarschaftsauto.info\/demodorf\/jetzt-reservieren\/","title":{"rendered":"Jetzt Reservieren"},"content":{"rendered":"\n<style>\n.m-1 {padding-left: 0; padding-right:0;}\n.btn-check:disabled + .btn, .btn-check[disabled] + .btn {\n\topacity: .15;\n}\n.btn-check:active + .btn-success, .btn-check:checked + .btn-success, .btn-success.active, .btn-success:active, .show > .btn-success.dropdown-toggle {\n\tbackground-color: #0D461C;\n\tborder-color: #0D461C;\n}\n<\/style>\n\n    \n\n\n<form action=\"\/demodorf\/wp-json\/wp\/v2\/pages\/17\" method=\"post\">\t\n<!-- Tag -->\n<label for=\"tag\" class=\"form-label pt-1\">Tag <class id=\"taghilfe\" class=\"form-text\">An welchem Tag brauchst du unser Nachbarschaftsauto?<\/class><\/label>\n<div class=\"container\" id=\"tag\" aria-describedby=\"taghilfe\">\n\t\n\t\n<div class='row'><input type='radio' class='col btn-check' name='tag' id='180426' value='180426' autocomplete='off'  required>\n\t<label class='col m-1 btn btn-success' for='180426'>Sa. 18.4.<\/label><input type='radio' class='col btn-check' name='tag' id='190426' value='190426' autocomplete='off'  >\n\t<label class='col m-1 btn btn-success' for='190426'>So. 19.4.<\/label><input type='radio' class='col btn-check' name='tag' id='200426' value='200426' autocomplete='off'  >\n\t<label class='col m-1 btn btn-success' for='200426'>Mo. 20.4.<\/label><input type='radio' class='col btn-check' name='tag' id='210426' value='210426' autocomplete='off'  >\n\t<label class='col m-1 btn btn-success' for='210426'>Di. 21.4.<\/label><\/div><div class='row'><input type='radio' class='col btn-check' name='tag' id='220426' value='220426' autocomplete='off'  >\n\t<label class='col m-1 btn btn-success' for='220426'>Mi. 22.4.<\/label><input type='radio' class='col btn-check' name='tag' id='230426' value='230426' autocomplete='off'  >\n\t<label class='col m-1 btn btn-success' for='230426'>Do. 23.4.<\/label><input type='radio' class='col btn-check' name='tag' id='240426' value='240426' autocomplete='off'  >\n\t<label class='col m-1 btn btn-success' for='240426'>Fr. 24.4.<\/label><input type='radio' class='col btn-check' name='tag' id='250426' value='250426' autocomplete='off'  >\n\t<label class='col m-1 btn btn-success' for='250426'>Sa. 25.4.<\/label>\n   <\/div>    \n<\/div>\n                          \n<hr>\n\n<label for=\"zeitblock\" class=\"form-label\">Uhrzeit <class id=\"zeithilfe\" class=\"form-text\">Um welche Zeit brauchst du das Nachbarschaftsauto?<\/class><\/label>\n<div class=\"container\" id=\"zeitblock\" aria-describedby=\"zeithilfe\">\n  <div class=\"row\">\n\t  \n<input type='radio' class='col btn-check' name='zeit' id='7' value='7' autocomplete='off' required>\n\t<label class='col m-1 btn btn-success' for='7'>7 - 10 Uhr<\/label><input type='radio' class='col btn-check' name='zeit' id='11' value='11' autocomplete='off' >\n\t<label class='col m-1 btn btn-success' for='11'>11 - 13 Uhr<\/label><input type='radio' class='col btn-check' name='zeit' id='14' value='14' autocomplete='off' >\n\t<label class='col m-1 btn btn-success' for='14'>14 - 17 Uhr<\/label><input type='radio' class='col btn-check' name='zeit' id='18' value='18' autocomplete='off' >\n\t<label class='col m-1 btn btn-success' for='18'>18 - 21 Uhr<\/label>\n  <\/div>\n<\/div>\n\n  \n<hr>\n  \n  <!-- Name und Nummer -->\n<div class=\"mb-3 form-floating\">\n  <input type=\"text\" class=\"form-control\" id=\"vname\" placeholder=\"Name\" name=\"vname\" required>\n  <label for=\"vname\">Name<\/label>\n<\/div>\n\n<div class=\"mb-3 form-floating\">\n  <input type=\"tel\" class=\"form-control\" name=\"telefon\" id=\"telefon\" placeholder=\"0660...\"  aria-describedby=\"telefonhilfe\" required>\n  <label for=\"telefon\">Telefonnummer<\/label>\n  <div id=\"telefonhilfe\" class=\"form-text\">Wir senden dir eine Best\u00e4tigung per SMS.<\/div>\n<\/div>\n\n<div class=\"mb-3 form-floating\">\n  <textarea class=\"form-control\" name=\"nachricht\" id=\"nachricht\" placeholder=\"Optionale Nachricht\" rows=\"3\"><\/textarea>\n  <label for=\"nachricht\">Nachricht (optional)<\/label>\n  <!--\n<div id=\"nachrichthilfe\" class=\"form-text\">Du bezahlst direkt bei der Abholung in Bar, bitte bring \u20ac 6,- in Kleingeld mit. Bei Sonderw\u00fcnschen (k\u00fcrzere oder l\u00e4ngere Zeit) schreibe bitte eine Nachricht in das Kommentarfeld, wir finden gemeinsam eine L\u00f6sung.<\/div>\n-->\n<\/div>\n\n<div class=\"d-grid gap-2\">\n<button type=\"submit\" name=\"reservieren\" class=\"btn btn-success btn-block btn-lg\">Jetzt reservieren<\/button>\n<\/div>\n\n<\/form>\n\n\n\n\n\n\n\n\n\n\n\n<div class=\"wp-block-group alignfull is-layout-flow wp-container-core-group-is-layout-f9cb6abc wp-block-group-is-layout-flow\" style=\"margin-top:0;margin-bottom:0\"><\/div>\n\n\n\n<p><\/p>\n","protected":false},"excerpt":{"rendered":"","protected":false},"author":1,"featured_media":0,"parent":0,"menu_order":0,"comment_status":"closed","ping_status":"closed","template":"","meta":{"footnotes":""},"class_list":["post-17","page","type-page","status-publish","hentry"],"_links":{"self":[{"href":"http:\/\/www.nachbarschaftsauto.info\/demodorf\/wp-json\/wp\/v2\/pages\/17","targetHints":{"allow":["GET"]}}],"collection":[{"href":"http:\/\/www.nachbarschaftsauto.info\/demodorf\/wp-json\/wp\/v2\/pages"}],"about":[{"href":"http:\/\/www.nachbarschaftsauto.info\/demodorf\/wp-json\/wp\/v2\/types\/page"}],"author":[{"embeddable":true,"href":"http:\/\/www.nachbarschaftsauto.info\/demodorf\/wp-json\/wp\/v2\/users\/1"}],"replies":[{"embeddable":true,"href":"http:\/\/www.nachbarschaftsauto.info\/demodorf\/wp-json\/wp\/v2\/comments?post=17"}],"version-history":[{"count":2,"href":"http:\/\/www.nachbarschaftsauto.info\/demodorf\/wp-json\/wp\/v2\/pages\/17\/revisions"}],"predecessor-version":[{"id":21,"href":"http:\/\/www.nachbarschaftsauto.info\/demodorf\/wp-json\/wp\/v2\/pages\/17\/revisions\/21"}],"wp:attachment":[{"href":"http:\/\/www.nachbarschaftsauto.info\/demodorf\/wp-json\/wp\/v2\/media?parent=17"}],"curies":[{"name":"wp","href":"https:\/\/api.w.org\/{rel}","templated":true}]}}