{"id":2,"date":"2025-02-21T14:29:03","date_gmt":"2025-02-21T14:29:03","guid":{"rendered":"http:\/\/www.nachbarschaftsauto.info\/?page_id=2"},"modified":"2025-07-24T08:57:13","modified_gmt":"2025-07-24T08:57:13","slug":"sample-page","status":"publish","type":"page","link":"http:\/\/www.nachbarschaftsauto.info\/","title":{"rendered":"Nachbarschaftsautos in Nieder\u00f6sterreich"},"content":{"rendered":"\n<details class=\"wp-block-details is-layout-flow wp-block-details-is-layout-flow\"><summary>Ich habe ein Auto herumstehen und w\u00fcrde es gerne manchmal meinen Nachbar*innen zur Verf\u00fcgung stellen.<\/summary>\n<p>Toll! Das Start ist ganz einfach, du schreibst uns (<a href=\"mailto:nba@michaelpollak.org\">nachbarschaftsauto@michaelpollak.org<\/a>) eine Nachricht f\u00fcr welche Ortschaft du die Plattform brauchst. Du bekommst etwa eine Woche sp\u00e4ter die Software f\u00fcr deinen Ort freigeschalten (nachbarschaftsauto.info\/meinort), eine erste Erkl\u00e4rung machen wir gerne \u00fcber Videocall. Sp\u00e4ter bekommst du auch noch ein \u201cPlakat\u201d, dass du im Ort aufh\u00e4ngen kannst und ein paar Vinyl Aufkleber, die du auf das Auto kleben kannst. Jetzt gilt es nur mehr zu \u00fcberlegen wie ihr den Schl\u00fcssel hin und her tauscht, in unseren Ortschaften gibt es meistens ein kleines \u201cVersteck\u201d, theoretisch geht aber nat\u00fcrlich auch ein Schl\u00fcsselsafe. R\u00fcckgabe funktioniert auch im Postkasten ganz einfach. Du bekommst dann einfach eine E-Mail und\/oder SMS wenn jemand aus der Nachbarschaft nach deinem Auto fragt.<\/p>\n\n\n\n<figure class=\"wp-block-image size-full\"><img loading=\"lazy\" decoding=\"async\" width=\"999\" height=\"376\" src=\"http:\/\/www.nachbarschaftsauto.info\/wp-content\/uploads\/2025\/05\/Bildschirmfoto-vom-2025-05-28-18-02-21.png\" alt=\"\" class=\"wp-image-50\" srcset=\"http:\/\/www.nachbarschaftsauto.info\/wp-content\/uploads\/2025\/05\/Bildschirmfoto-vom-2025-05-28-18-02-21.png 999w, http:\/\/www.nachbarschaftsauto.info\/wp-content\/uploads\/2025\/05\/Bildschirmfoto-vom-2025-05-28-18-02-21-300x113.png 300w, http:\/\/www.nachbarschaftsauto.info\/wp-content\/uploads\/2025\/05\/Bildschirmfoto-vom-2025-05-28-18-02-21-768x289.png 768w\" sizes=\"auto, (max-width: 999px) 100vw, 999px\" \/><\/figure>\n<\/details>\n\n\n\n<details class=\"wp-block-details is-layout-flow wp-block-details-is-layout-flow\"><summary>Ich m\u00f6chte die Kosten und den Aufwand eines Zweitautos sparen, f\u00fcr die paar mal die ich es wirklich nutze.<\/summary>\n<p>Super! Da helfen wir dir gerne, du hast vielleicht schon in deinem Ort ein Nachbarschaftsauto! Es ist ganz einfach, geh auf die Webseite (nachbarschaftsauto.info\/meinort) und klicke dort einfach den Tag und die Uhrzeit an, an der du ein Auto wirklich brauchst. Dein Name hilft den Nachbarn dich zu erkennen und \u00fcber deine Telefonnummer bekommst du eine SMS zur Best\u00e4tigung deiner Reservierung. So einfach geht Nachbarschaftlich. Du kommst dann einfach zum ausgemachten Termin, bekommst eine kurze Einschulung und die Info wo du in Zukunft den Schl\u00fcssel bekommst und zur\u00fccklegen sollst.<\/p>\n\n\n\n<figure class=\"wp-block-image size-full\"><img loading=\"lazy\" decoding=\"async\" width=\"738\" height=\"738\" src=\"http:\/\/www.nachbarschaftsauto.info\/wp-content\/uploads\/2025\/05\/Bildschirmfoto-vom-2025-05-28-18-03-24.png\" alt=\"\" class=\"wp-image-51\" srcset=\"http:\/\/www.nachbarschaftsauto.info\/wp-content\/uploads\/2025\/05\/Bildschirmfoto-vom-2025-05-28-18-03-24.png 738w, http:\/\/www.nachbarschaftsauto.info\/wp-content\/uploads\/2025\/05\/Bildschirmfoto-vom-2025-05-28-18-03-24-300x300.png 300w, http:\/\/www.nachbarschaftsauto.info\/wp-content\/uploads\/2025\/05\/Bildschirmfoto-vom-2025-05-28-18-03-24-150x150.png 150w\" sizes=\"auto, (max-width: 738px) 100vw, 738px\" \/><\/figure>\n<\/details>\n\n\n\n<figure class=\"wp-block-image size-full\"><img loading=\"lazy\" decoding=\"async\" width=\"600\" height=\"400\" src=\"http:\/\/www.nachbarschaftsauto.info\/wp-content\/uploads\/2025\/02\/52__ScaleWidthWzYwMF0.png\" alt=\"\" class=\"wp-image-8\" srcset=\"http:\/\/www.nachbarschaftsauto.info\/wp-content\/uploads\/2025\/02\/52__ScaleWidthWzYwMF0.png 600w, http:\/\/www.nachbarschaftsauto.info\/wp-content\/uploads\/2025\/02\/52__ScaleWidthWzYwMF0-300x200.png 300w\" sizes=\"auto, (max-width: 600px) 100vw, 600px\" \/><\/figure>\n\n\n\n<p>Aus den Erfahrungen von fast 10 Jahren E-Carsharing ist klar, dass in kleinen Orten im l\u00e4ndlichen Raum der Aufbau eines gewerblichen Carsharing nicht funktioniert. Aber der Ansatz auf Nachbarschaftsebene ist vielversprechend. Die Apps, die es f\u00fcr die Vermietung von Fahrzeugen gibt, zielen auf Zentren oder gr\u00f6\u00dfere Orte ab und passen nicht f\u00fcr Nachbarschaftsprojekte wie in Rafings. Ziel dieser Initiative ist daher die Umsetzung erster Nachbarschaftsautos um damit eine Basis f\u00fcr die \u00f6sterreichweite Umsetzung in den vielen l\u00e4ndlichen Orten dieses Landes zu schaffen.<\/p>\n\n\n\n<figure class=\"wp-block-image size-large\"><img loading=\"lazy\" decoding=\"async\" width=\"869\" height=\"1024\" src=\"http:\/\/www.nachbarschaftsauto.info\/wp-content\/uploads\/2025\/05\/Bildschirmfoto-vom-2025-05-28-18-02-42-869x1024.png\" alt=\"\" class=\"wp-image-52\" srcset=\"http:\/\/www.nachbarschaftsauto.info\/wp-content\/uploads\/2025\/05\/Bildschirmfoto-vom-2025-05-28-18-02-42-869x1024.png 869w, http:\/\/www.nachbarschaftsauto.info\/wp-content\/uploads\/2025\/05\/Bildschirmfoto-vom-2025-05-28-18-02-42-255x300.png 255w, http:\/\/www.nachbarschaftsauto.info\/wp-content\/uploads\/2025\/05\/Bildschirmfoto-vom-2025-05-28-18-02-42-768x905.png 768w, http:\/\/www.nachbarschaftsauto.info\/wp-content\/uploads\/2025\/05\/Bildschirmfoto-vom-2025-05-28-18-02-42.png 1169w\" sizes=\"auto, (max-width: 869px) 100vw, 869px\" \/><\/figure>\n\n\n\n<p><strong>In der Presse:<\/strong><\/p>\n\n\n\n<ul class=\"wp-block-list\">\n<li><a href=\"https:\/\/www.klimaundenergiemodellregionen.at\/service\/newsletter\/022025\/privates-carsharing-einfach-gemacht\/\">https:\/\/www.klimaundenergiemodellregionen.at\/service\/newsletter\/022025\/privates-carsharing-einfach-gemacht\/<\/a><\/li>\n\n\n\n<li><a href=\"https:\/\/www.linkedin.com\/pulse\/innovationsvorhaben-peer-to-peer-carsharing-im-l%25C3%25A4ndlichen-lab-ycjje\">https:\/\/www.linkedin.com\/pulse\/innovationsvorhaben-peer-to-peer-carsharing-im-l%25C3%25A4ndlichen-lab-ycjje<\/a><\/li>\n\n\n\n<li><a href=\"https:\/\/www.myscience.at\/de\/news\/wire\/land_mobil_lab_das_mobilitaetslabor_im_waldviertel-2025-tuwien\">https:\/\/www.myscience.at\/de\/news\/wire\/land_mobil_lab_das_mobilitaetslabor_im_waldviertel-2025-tuwien<\/a><\/li>\n<\/ul>\n\n\n\n<figure class=\"wp-block-image size-large\"><img loading=\"lazy\" decoding=\"async\" width=\"1024\" height=\"576\" src=\"http:\/\/www.nachbarschaftsauto.info\/wp-content\/uploads\/2025\/07\/PXL_20250709_172822958.MP_-1024x576.jpg\" alt=\"\" class=\"wp-image-71\" srcset=\"http:\/\/www.nachbarschaftsauto.info\/wp-content\/uploads\/2025\/07\/PXL_20250709_172822958.MP_-1024x576.jpg 1024w, http:\/\/www.nachbarschaftsauto.info\/wp-content\/uploads\/2025\/07\/PXL_20250709_172822958.MP_-300x169.jpg 300w, http:\/\/www.nachbarschaftsauto.info\/wp-content\/uploads\/2025\/07\/PXL_20250709_172822958.MP_-768x432.jpg 768w, http:\/\/www.nachbarschaftsauto.info\/wp-content\/uploads\/2025\/07\/PXL_20250709_172822958.MP_-1536x864.jpg 1536w, http:\/\/www.nachbarschaftsauto.info\/wp-content\/uploads\/2025\/07\/PXL_20250709_172822958.MP_-2048x1152.jpg 2048w\" sizes=\"auto, (max-width: 1024px) 100vw, 1024px\" \/><\/figure>\n\n\n\n<p>Wenn euch die wissenschaftlichen Hintergr\u00fcnde interessieren, hier ist eine kleine Sammlung an publizierten Forschungsergebnissen:<\/p>\n\n\n\n<ul class=\"wp-block-list\">\n<li><a href=\"https:\/\/www.researchgate.net\/profile\/Maria-Juschten\/publication\/310448303_CarSharing_2025_-_Nische_oder_Mainstream\/links\/5b866b69299bf1d5a72eee26\/CarSharing-2025-Nische-oder-Mainstream.pdf\">CarSharing 2025 \u2013 Nische oder Mainstream?<\/a><\/li>\n<\/ul>\n\n\n\n<p><em>Das Projekt \u201eNachbarschaftsauto\u201c wird aus Mitteln des Klima- und Energiefonds gef\u00f6rdert und im Rahmen des Programms \u201eLeitprojekte in Klima- und Energie-Modellregionen\u201c durchgef\u00fchrt. <em>Wissenschaftlich begleitet wird das Projekt vom land.mobil:LAB \u2013 Mobilit\u00e4tslabor f\u00fcr das Waldviertel der TU Wien. <\/em>Wir sagen Danke.<\/em><\/p>\n\n\n\n<div class=\"wp-block-columns is-layout-flex wp-container-core-columns-is-layout-28f84493 wp-block-columns-is-layout-flex\">\n<div class=\"wp-block-column is-layout-flow wp-block-column-is-layout-flow\">\n<figure class=\"wp-block-image size-large\"><img decoding=\"async\" src=\"https:\/\/rafings.at\/wp-content\/uploads\/2024\/09\/Logo_Eco-Thayaland_4c-1024x426.png\" alt=\"\" class=\"wp-image-517\"\/><\/figure>\n<\/div>\n\n\n\n<div class=\"wp-block-column is-layout-flow wp-block-column-is-layout-flow\">\n<figure class=\"wp-block-image size-full\"><img decoding=\"async\" src=\"https:\/\/rafings.at\/wp-content\/uploads\/2024\/09\/klimafonds_2D_RBG.png\" alt=\"\" class=\"wp-image-516\"\/><\/figure>\n<\/div>\n\n\n\n<div class=\"wp-block-column is-layout-flow wp-block-column-is-layout-flow\">\n<figure class=\"wp-block-image size-large\"><img decoding=\"async\" src=\"https:\/\/rafings.at\/wp-content\/uploads\/2024\/09\/path2-1024x692.png\" alt=\"\" class=\"wp-image-519\"\/><\/figure>\n<\/div>\n<\/div>\n\n\n\n<figure class=\"wp-block-image size-large is-resized\"><img loading=\"lazy\" decoding=\"async\" width=\"1024\" height=\"724\" src=\"http:\/\/www.nachbarschaftsauto.info\/wp-content\/uploads\/2025\/04\/LML-Logo-Verlauf--1024x724.png\" alt=\"\" class=\"wp-image-36\" style=\"width:296px;height:auto\" srcset=\"http:\/\/www.nachbarschaftsauto.info\/wp-content\/uploads\/2025\/04\/LML-Logo-Verlauf--1024x724.png 1024w, http:\/\/www.nachbarschaftsauto.info\/wp-content\/uploads\/2025\/04\/LML-Logo-Verlauf--300x212.png 300w, http:\/\/www.nachbarschaftsauto.info\/wp-content\/uploads\/2025\/04\/LML-Logo-Verlauf--768x543.png 768w, http:\/\/www.nachbarschaftsauto.info\/wp-content\/uploads\/2025\/04\/LML-Logo-Verlauf-.png 1398w\" sizes=\"auto, (max-width: 1024px) 100vw, 1024px\" \/><\/figure>\n\n\n\n<p>Softwarepaket zum selbst hosten (WordPress Plugin)<\/p>\n\n\n\n<div class=\"wp-block-file\"><a id=\"wp-block-file--media-20c7856a-40c3-42eb-80fd-ca3ca07142a0\" href=\"https:\/\/drive.google.com\/file\/d\/1ZLYmmQAd-H49tVAcgJlEr1G4iikjBAJQ\/view?usp=sharing\">WordPress Plugin nachbarschaftsauto<\/a><a href=\"https:\/\/drive.google.com\/file\/d\/1ZLYmmQAd-H49tVAcgJlEr1G4iikjBAJQ\/view?usp=sharing\" class=\"wp-block-file__button wp-element-button\" download aria-describedby=\"wp-block-file--media-20c7856a-40c3-42eb-80fd-ca3ca07142a0\">Herunterladen<\/a><\/div>\n\n\n\n<p><\/p>\n","protected":false},"excerpt":{"rendered":"<p>Aus den Erfahrungen von fast 10 Jahren E-Carsharing ist klar, dass in kleinen Orten im l\u00e4ndlichen Raum der Aufbau eines gewerblichen Carsharing nicht funktioniert. Aber der Ansatz auf Nachbarschaftsebene ist vielversprechend. Die Apps, die es f\u00fcr die Vermietung von Fahrzeugen gibt, zielen auf Zentren oder gr\u00f6\u00dfere Orte ab und passen nicht f\u00fcr Nachbarschaftsprojekte wie in [&hellip;]<\/p>\n","protected":false},"author":1,"featured_media":18,"parent":0,"menu_order":0,"comment_status":"closed","ping_status":"open","template":"","meta":{"footnotes":""},"class_list":["post-2","page","type-page","status-publish","has-post-thumbnail","hentry"],"_links":{"self":[{"href":"http:\/\/www.nachbarschaftsauto.info\/index.php?rest_route=\/wp\/v2\/pages\/2","targetHints":{"allow":["GET"]}}],"collection":[{"href":"http:\/\/www.nachbarschaftsauto.info\/index.php?rest_route=\/wp\/v2\/pages"}],"about":[{"href":"http:\/\/www.nachbarschaftsauto.info\/index.php?rest_route=\/wp\/v2\/types\/page"}],"author":[{"embeddable":true,"href":"http:\/\/www.nachbarschaftsauto.info\/index.php?rest_route=\/wp\/v2\/users\/1"}],"replies":[{"embeddable":true,"href":"http:\/\/www.nachbarschaftsauto.info\/index.php?rest_route=%2Fwp%2Fv2%2Fcomments&post=2"}],"version-history":[{"count":20,"href":"http:\/\/www.nachbarschaftsauto.info\/index.php?rest_route=\/wp\/v2\/pages\/2\/revisions"}],"predecessor-version":[{"id":72,"href":"http:\/\/www.nachbarschaftsauto.info\/index.php?rest_route=\/wp\/v2\/pages\/2\/revisions\/72"}],"wp:featuredmedia":[{"embeddable":true,"href":"http:\/\/www.nachbarschaftsauto.info\/index.php?rest_route=\/wp\/v2\/media\/18"}],"wp:attachment":[{"href":"http:\/\/www.nachbarschaftsauto.info\/index.php?rest_route=%2Fwp%2Fv2%2Fmedia&parent=2"}],"curies":[{"name":"wp","href":"https:\/\/api.w.org\/{rel}","templated":true}]}}