{"id":30,"date":"2025-02-28T13:05:23","date_gmt":"2025-02-28T13:05:23","guid":{"rendered":"http:\/\/www.nachbarschaftsauto.info\/?page_id=30"},"modified":"2025-07-24T08:41:05","modified_gmt":"2025-07-24T08:41:05","slug":"veranstaltungen","status":"publish","type":"page","link":"http:\/\/www.nachbarschaftsauto.info\/?page_id=30","title":{"rendered":"Veranstaltungen"},"content":{"rendered":"\n<div class=\"wp-block-cover alignfull is-light has-custom-content-position is-position-bottom-center\" style=\"margin-top:0;margin-bottom:0;padding-top:var(--wp--preset--spacing--50);padding-right:var(--wp--preset--spacing--50);padding-bottom:var(--wp--preset--spacing--50);padding-left:var(--wp--preset--spacing--50);min-height:840px;aspect-ratio:unset;\"><img loading=\"lazy\" decoding=\"async\" width=\"1024\" height=\"722\" class=\"wp-block-cover__image-background wp-image-18\" alt=\"\" src=\"http:\/\/www.nachbarschaftsauto.info\/wp-content\/uploads\/2025\/02\/grafik.png\" style=\"object-position:32% 66%\" data-object-fit=\"cover\" data-object-position=\"32% 66%\" srcset=\"http:\/\/www.nachbarschaftsauto.info\/wp-content\/uploads\/2025\/02\/grafik.png 1024w, http:\/\/www.nachbarschaftsauto.info\/wp-content\/uploads\/2025\/02\/grafik-300x212.png 300w, http:\/\/www.nachbarschaftsauto.info\/wp-content\/uploads\/2025\/02\/grafik-768x542.png 768w\" sizes=\"auto, (max-width: 1024px) 100vw, 1024px\" \/><span aria-hidden=\"true\" class=\"wp-block-cover__background has-background-dim-10 has-background-dim\" style=\"background-color:#d6f3e7\"><\/span><div class=\"wp-block-cover__inner-container has-global-padding is-layout-constrained wp-container-core-cover-is-layout-d89aad35 wp-block-cover-is-layout-constrained\">\n<div class=\"wp-block-group alignwide has-global-padding is-content-justification-left is-layout-constrained wp-container-core-group-is-layout-12dd3699 wp-block-group-is-layout-constrained\">\n<h2 class=\"wp-block-heading has-text-align-left has-xx-large-font-size\">Gemeinsame Treffen?<\/h2>\n\n\n\n<p>In Zukunft wird es gemeinsame Treffen geben um Nachbarschaftsautos zu feiern und neue Bekanntschaften zu treffen.<\/p>\n\n\n\n<div class=\"wp-block-buttons is-layout-flex wp-block-buttons-is-layout-flex\">\n<div class=\"wp-block-button\"><a class=\"wp-block-button__link wp-element-button\">Mehr erfahren<\/a><\/div>\n<\/div>\n<\/div>\n<\/div><\/div>\n\n\n\n<p>N\u00e4chste Veranstaltung in Rafings am 12. August, meldet euch gerne f\u00fcr mehr Details!<\/p>\n\n\n\n<p><strong>Windigsteiger Mobilit\u00e4tstag<\/strong> im Fr\u00fchjahr 2026 mit noeregional.at<\/p>\n\n\n\n<p><\/p>\n","protected":false},"excerpt":{"rendered":"<p>N\u00e4chste Veranstaltung in Rafings am 12. August, meldet euch gerne f\u00fcr mehr Details! Windigsteiger Mobilit\u00e4tstag im Fr\u00fchjahr 2026 mit noeregional.at<\/p>\n","protected":false},"author":1,"featured_media":0,"parent":0,"menu_order":0,"comment_status":"closed","ping_status":"closed","template":"","meta":{"footnotes":""},"class_list":["post-30","page","type-page","status-publish","hentry"],"_links":{"self":[{"href":"http:\/\/www.nachbarschaftsauto.info\/index.php?rest_route=\/wp\/v2\/pages\/30","targetHints":{"allow":["GET"]}}],"collection":[{"href":"http:\/\/www.nachbarschaftsauto.info\/index.php?rest_route=\/wp\/v2\/pages"}],"about":[{"href":"http:\/\/www.nachbarschaftsauto.info\/index.php?rest_route=\/wp\/v2\/types\/page"}],"author":[{"embeddable":true,"href":"http:\/\/www.nachbarschaftsauto.info\/index.php?rest_route=\/wp\/v2\/users\/1"}],"replies":[{"embeddable":true,"href":"http:\/\/www.nachbarschaftsauto.info\/index.php?rest_route=%2Fwp%2Fv2%2Fcomments&post=30"}],"version-history":[{"count":5,"href":"http:\/\/www.nachbarschaftsauto.info\/index.php?rest_route=\/wp\/v2\/pages\/30\/revisions"}],"predecessor-version":[{"id":66,"href":"http:\/\/www.nachbarschaftsauto.info\/index.php?rest_route=\/wp\/v2\/pages\/30\/revisions\/66"}],"wp:attachment":[{"href":"http:\/\/www.nachbarschaftsauto.info\/index.php?rest_route=%2Fwp%2Fv2%2Fmedia&parent=30"}],"curies":[{"name":"wp","href":"https:\/\/api.w.org\/{rel}","templated":true}]}}